{"id":75139,"date":"2024-06-28T01:21:45","date_gmt":"2024-06-28T00:21:45","guid":{"rendered":"https:\/\/alldaylighting.com\/?post_type=product&#038;p=75139"},"modified":"2024-06-28T01:22:01","modified_gmt":"2024-06-28T00:22:01","slug":"ge-23734-fdn-q500t3-4","status":"publish","type":"product","link":"https:\/\/alldaylighting.com\/?product=ge-23734-fdn-q500t3-4","title":{"rendered":"GE 23734 FDN-Q500T3\/4"},"content":{"rendered":"<p>GE Lighting Quartzline 500 Watt 120V 3200k Double Ended T3 R7s Base Frosted Lamp CRI 100  C-8 Filament Lamp Wattage 500W Base Type R7s Two-Sided  Rated Life 400hrs\u00e5\u00ca  Initial Lumens 12800lm  MOL 5.37in x DIA 0.75  Color Temp 4200K\u00e5\u00ca Operate only horizontally within 4\u00b0 Burn Position R Warning:  This lamp can cause serious skin burn and eye inflammation from shortwave ultraviolet radiation  if outer envelope of the lamp is broken or punctured, and the arc tube continues to operate.  Do not use where people will remain for more than a few minutes unless adequate shielding  or other safety precautions are used. Certain types of lamps that will automatically  extinguish when the outer envelope is broken or punctured are commercially available.<\/p>\n","protected":false},"excerpt":{"rendered":"<p>GE Lighting Quartzline 500 Watt 120V 3200k Double Ended T3 R7s Base Frosted Lamp CRI 100 C-8 Filament Lamp Wattage 500W Base Type R7s Two-Sided Rated Life 400hrs\u00e5\u00ca Initial Lumens 12800lm MOL 5.37in x DIA 0.75 Color Temp 4200K\u00e5\u00ca Operate only horizontally within 4\u00b0 Burn Position R Warning: This lamp can cause serious skin burn [&hellip;]<\/p>\n","protected":false},"featured_media":75168,"comment_status":"open","ping_status":"closed","template":"","meta":[],"product_cat":[4728,5646,5615,5642,5612],"product_tag":[],"yoast_head":"<!-- This site is optimized with the Yoast SEO plugin v23.0 - https:\/\/yoast.com\/wordpress\/plugins\/seo\/ -->\n<title>GE 23734 FDN-Q500T3\/4 - All Day Lighting<\/title>\n<meta name=\"robots\" content=\"index, follow, max-snippet:-1, max-image-preview:large, max-video-preview:-1\" \/>\n<link rel=\"canonical\" href=\"https:\/\/alldaylighting.com\/?product=ge-23734-fdn-q500t3-4\" \/>\n<meta property=\"og:locale\" content=\"en_US\" \/>\n<meta property=\"og:type\" content=\"article\" \/>\n<meta property=\"og:title\" content=\"GE 23734 FDN-Q500T3\/4 - All Day Lighting\" \/>\n<meta property=\"og:description\" content=\"GE Lighting Quartzline 500 Watt 120V 3200k Double Ended T3 R7s Base Frosted Lamp CRI 100 C-8 Filament Lamp Wattage 500W Base Type R7s Two-Sided Rated Life 400hrs\u00e5\u00ca Initial Lumens 12800lm MOL 5.37in x DIA 0.75 Color Temp 4200K\u00e5\u00ca Operate only horizontally within 4\u00b0 Burn Position R Warning: This lamp can cause serious skin burn [&hellip;]\" \/>\n<meta property=\"og:url\" content=\"https:\/\/alldaylighting.com\/?product=ge-23734-fdn-q500t3-4\" \/>\n<meta property=\"og:site_name\" content=\"All Day Lighting\" \/>\n<meta property=\"article:modified_time\" content=\"2024-06-28T00:22:01+00:00\" \/>\n<meta name=\"twitter:card\" content=\"summary_large_image\" \/>\n<meta name=\"twitter:label1\" content=\"Est. reading time\" \/>\n\t<meta name=\"twitter:data1\" content=\"1 minute\" \/>\n<script type=\"application\/ld+json\" class=\"yoast-schema-graph\">{\"@context\":\"https:\/\/schema.org\",\"@graph\":[{\"@type\":\"WebPage\",\"@id\":\"https:\/\/alldaylighting.com\/?product=ge-23734-fdn-q500t3-4\",\"url\":\"https:\/\/alldaylighting.com\/?product=ge-23734-fdn-q500t3-4\",\"name\":\"GE 23734 FDN-Q500T3\/4 - All Day Lighting\",\"isPartOf\":{\"@id\":\"https:\/\/alldaylighting.com\/#website\"},\"primaryImageOfPage\":{\"@id\":\"https:\/\/alldaylighting.com\/?product=ge-23734-fdn-q500t3-4#primaryimage\"},\"image\":{\"@id\":\"https:\/\/alldaylighting.com\/?product=ge-23734-fdn-q500t3-4#primaryimage\"},\"thumbnailUrl\":\"https:\/\/alldaylighting.com\/wp-content\/uploads\/2024\/06\/haloline120wlong__92882__18934.1368269203.1280.1280__46948.jpg\",\"datePublished\":\"2024-06-28T00:21:45+00:00\",\"dateModified\":\"2024-06-28T00:22:01+00:00\",\"breadcrumb\":{\"@id\":\"https:\/\/alldaylighting.com\/?product=ge-23734-fdn-q500t3-4#breadcrumb\"},\"inLanguage\":\"en-US\",\"potentialAction\":[{\"@type\":\"ReadAction\",\"target\":[\"https:\/\/alldaylighting.com\/?product=ge-23734-fdn-q500t3-4\"]}]},{\"@type\":\"ImageObject\",\"inLanguage\":\"en-US\",\"@id\":\"https:\/\/alldaylighting.com\/?product=ge-23734-fdn-q500t3-4#primaryimage\",\"url\":\"https:\/\/alldaylighting.com\/wp-content\/uploads\/2024\/06\/haloline120wlong__92882__18934.1368269203.1280.1280__46948.jpg\",\"contentUrl\":\"https:\/\/alldaylighting.com\/wp-content\/uploads\/2024\/06\/haloline120wlong__92882__18934.1368269203.1280.1280__46948.jpg\",\"width\":1036,\"height\":1260},{\"@type\":\"BreadcrumbList\",\"@id\":\"https:\/\/alldaylighting.com\/?product=ge-23734-fdn-q500t3-4#breadcrumb\",\"itemListElement\":[{\"@type\":\"ListItem\",\"position\":1,\"name\":\"Home\",\"item\":\"https:\/\/alldaylighting.com\/\"},{\"@type\":\"ListItem\",\"position\":2,\"name\":\"Shop\",\"item\":\"https:\/\/alldaylighting.com\/?page_id=75\"},{\"@type\":\"ListItem\",\"position\":3,\"name\":\"GE 23734 FDN-Q500T3\/4\"}]},{\"@type\":\"WebSite\",\"@id\":\"https:\/\/alldaylighting.com\/#website\",\"url\":\"https:\/\/alldaylighting.com\/\",\"name\":\"All Day Lighting\",\"description\":\"ADL\",\"publisher\":{\"@id\":\"https:\/\/alldaylighting.com\/#organization\"},\"potentialAction\":[{\"@type\":\"SearchAction\",\"target\":{\"@type\":\"EntryPoint\",\"urlTemplate\":\"https:\/\/alldaylighting.com\/?s={search_term_string}\"},\"query-input\":\"required name=search_term_string\"}],\"inLanguage\":\"en-US\"},{\"@type\":\"Organization\",\"@id\":\"https:\/\/alldaylighting.com\/#organization\",\"name\":\"All Day Lighting\",\"url\":\"https:\/\/alldaylighting.com\/\",\"logo\":{\"@type\":\"ImageObject\",\"inLanguage\":\"en-US\",\"@id\":\"https:\/\/alldaylighting.com\/#\/schema\/logo\/image\/\",\"url\":\"http:\/\/alldaylighting-com.preview-domain.com\/wp-content\/uploads\/2024\/02\/lg200301.webp\",\"contentUrl\":\"http:\/\/alldaylighting-com.preview-domain.com\/wp-content\/uploads\/2024\/02\/lg200301.webp\",\"width\":250,\"height\":65,\"caption\":\"All Day Lighting\"},\"image\":{\"@id\":\"https:\/\/alldaylighting.com\/#\/schema\/logo\/image\/\"}}]}<\/script>\n<!-- \/ Yoast SEO plugin. -->","yoast_head_json":{"title":"GE 23734 FDN-Q500T3\/4 - All Day Lighting","robots":{"index":"index","follow":"follow","max-snippet":"max-snippet:-1","max-image-preview":"max-image-preview:large","max-video-preview":"max-video-preview:-1"},"canonical":"https:\/\/alldaylighting.com\/?product=ge-23734-fdn-q500t3-4","og_locale":"en_US","og_type":"article","og_title":"GE 23734 FDN-Q500T3\/4 - All Day Lighting","og_description":"GE Lighting Quartzline 500 Watt 120V 3200k Double Ended T3 R7s Base Frosted Lamp CRI 100 C-8 Filament Lamp Wattage 500W Base Type R7s Two-Sided Rated Life 400hrs\u00e5\u00ca Initial Lumens 12800lm MOL 5.37in x DIA 0.75 Color Temp 4200K\u00e5\u00ca Operate only horizontally within 4\u00b0 Burn Position R Warning: This lamp can cause serious skin burn [&hellip;]","og_url":"https:\/\/alldaylighting.com\/?product=ge-23734-fdn-q500t3-4","og_site_name":"All Day Lighting","article_modified_time":"2024-06-28T00:22:01+00:00","twitter_card":"summary_large_image","twitter_misc":{"Est. reading time":"1 minute"},"schema":{"@context":"https:\/\/schema.org","@graph":[{"@type":"WebPage","@id":"https:\/\/alldaylighting.com\/?product=ge-23734-fdn-q500t3-4","url":"https:\/\/alldaylighting.com\/?product=ge-23734-fdn-q500t3-4","name":"GE 23734 FDN-Q500T3\/4 - All Day Lighting","isPartOf":{"@id":"https:\/\/alldaylighting.com\/#website"},"primaryImageOfPage":{"@id":"https:\/\/alldaylighting.com\/?product=ge-23734-fdn-q500t3-4#primaryimage"},"image":{"@id":"https:\/\/alldaylighting.com\/?product=ge-23734-fdn-q500t3-4#primaryimage"},"thumbnailUrl":"https:\/\/alldaylighting.com\/wp-content\/uploads\/2024\/06\/haloline120wlong__92882__18934.1368269203.1280.1280__46948.jpg","datePublished":"2024-06-28T00:21:45+00:00","dateModified":"2024-06-28T00:22:01+00:00","breadcrumb":{"@id":"https:\/\/alldaylighting.com\/?product=ge-23734-fdn-q500t3-4#breadcrumb"},"inLanguage":"en-US","potentialAction":[{"@type":"ReadAction","target":["https:\/\/alldaylighting.com\/?product=ge-23734-fdn-q500t3-4"]}]},{"@type":"ImageObject","inLanguage":"en-US","@id":"https:\/\/alldaylighting.com\/?product=ge-23734-fdn-q500t3-4#primaryimage","url":"https:\/\/alldaylighting.com\/wp-content\/uploads\/2024\/06\/haloline120wlong__92882__18934.1368269203.1280.1280__46948.jpg","contentUrl":"https:\/\/alldaylighting.com\/wp-content\/uploads\/2024\/06\/haloline120wlong__92882__18934.1368269203.1280.1280__46948.jpg","width":1036,"height":1260},{"@type":"BreadcrumbList","@id":"https:\/\/alldaylighting.com\/?product=ge-23734-fdn-q500t3-4#breadcrumb","itemListElement":[{"@type":"ListItem","position":1,"name":"Home","item":"https:\/\/alldaylighting.com\/"},{"@type":"ListItem","position":2,"name":"Shop","item":"https:\/\/alldaylighting.com\/?page_id=75"},{"@type":"ListItem","position":3,"name":"GE 23734 FDN-Q500T3\/4"}]},{"@type":"WebSite","@id":"https:\/\/alldaylighting.com\/#website","url":"https:\/\/alldaylighting.com\/","name":"All Day Lighting","description":"ADL","publisher":{"@id":"https:\/\/alldaylighting.com\/#organization"},"potentialAction":[{"@type":"SearchAction","target":{"@type":"EntryPoint","urlTemplate":"https:\/\/alldaylighting.com\/?s={search_term_string}"},"query-input":"required name=search_term_string"}],"inLanguage":"en-US"},{"@type":"Organization","@id":"https:\/\/alldaylighting.com\/#organization","name":"All Day Lighting","url":"https:\/\/alldaylighting.com\/","logo":{"@type":"ImageObject","inLanguage":"en-US","@id":"https:\/\/alldaylighting.com\/#\/schema\/logo\/image\/","url":"http:\/\/alldaylighting-com.preview-domain.com\/wp-content\/uploads\/2024\/02\/lg200301.webp","contentUrl":"http:\/\/alldaylighting-com.preview-domain.com\/wp-content\/uploads\/2024\/02\/lg200301.webp","width":250,"height":65,"caption":"All Day Lighting"},"image":{"@id":"https:\/\/alldaylighting.com\/#\/schema\/logo\/image\/"}}]}},"_links":{"self":[{"href":"https:\/\/alldaylighting.com\/index.php?rest_route=\/wp\/v2\/product\/75139"}],"collection":[{"href":"https:\/\/alldaylighting.com\/index.php?rest_route=\/wp\/v2\/product"}],"about":[{"href":"https:\/\/alldaylighting.com\/index.php?rest_route=\/wp\/v2\/types\/product"}],"replies":[{"embeddable":true,"href":"https:\/\/alldaylighting.com\/index.php?rest_route=%2Fwp%2Fv2%2Fcomments&post=75139"}],"wp:featuredmedia":[{"embeddable":true,"href":"https:\/\/alldaylighting.com\/index.php?rest_route=\/wp\/v2\/media\/75168"}],"wp:attachment":[{"href":"https:\/\/alldaylighting.com\/index.php?rest_route=%2Fwp%2Fv2%2Fmedia&parent=75139"}],"wp:term":[{"taxonomy":"product_cat","embeddable":true,"href":"https:\/\/alldaylighting.com\/index.php?rest_route=%2Fwp%2Fv2%2Fproduct_cat&post=75139"},{"taxonomy":"product_tag","embeddable":true,"href":"https:\/\/alldaylighting.com\/index.php?rest_route=%2Fwp%2Fv2%2Fproduct_tag&post=75139"}],"curies":[{"name":"wp","href":"https:\/\/api.w.org\/{rel}","templated":true}]}}