{"id":73380,"date":"2024-06-28T00:58:03","date_gmt":"2024-06-27T23:58:03","guid":{"rendered":"https:\/\/alldaylighting.com\/?post_type=product&#038;p=73380"},"modified":"2024-06-28T00:58:08","modified_gmt":"2024-06-27T23:58:08","slug":"halco-80785-par36-10grn-wfl-led","status":"publish","type":"product","link":"https:\/\/alldaylighting.com\/?product=halco-80785-par36-10grn-wfl-led","title":{"rendered":"HALCO  80785 PAR36\/10GRN\/WFL\/LED"},"content":{"rendered":"<p>Halco ProLED Energy Efficient 10 Watt Dimmable High Power PAR36 LED  \u2022 Bulb PAR36\u2022 Base MP Term\u2022 IP67 Rated\u2022 Volts 10-15 \u2022 Beam Spread 32 Degree Wide Flood\u2022 Color Green\u2022 Rated Avg. Life 40,000Hrs\u00a0\u2022 MOL 2.40&#8243;\u2022 Wattage Equivalent 35\u2022 Specs Specifications:\u2022 IP67 rated for waterproof installations\u2022 Energy savings up-to 73% 2\u2022 PAR36 shape with multi-purpose base for slip-on or screw terminal connections\u2022 10-15V eliminates voltage drop calculation\u2022 40,000 hour life, up-to 12 times longer than traditional sources\u2022 2700K CCT\u2022 82 CRI for quality and consistent color rendering\u2022 Amber, Blue, Green &#038; Red also available\u2022 15\u00e8_, 20\u00e8_ &#038; 32\u00e8_ beam spreads available for light control\u2022 No mercury or UV\/IR emissions\u2022 RoHs compliant\u2022 5-Year Limited Warranty Markets:\u2022 Residential\u2022 Commercial\u2022 OutdoorApplications:\u2022 Landscape\u2022 Accent\u00a0<\/p>\n","protected":false},"excerpt":{"rendered":"<p>Halco ProLED Energy Efficient 10 Watt Dimmable High Power PAR36 LED \u2022 Bulb PAR36\u2022 Base MP Term\u2022 IP67 Rated\u2022 Volts 10-15 \u2022 Beam Spread 32 Degree Wide Flood\u2022 Color Green\u2022 Rated Avg. Life 40,000Hrs\u00a0\u2022 MOL 2.40&#8243;\u2022 Wattage Equivalent 35\u2022 Specs Specifications:\u2022 IP67 rated for waterproof installations\u2022 Energy savings up-to 73% 2\u2022 PAR36 shape with multi-purpose [&hellip;]<\/p>\n","protected":false},"featured_media":58060,"comment_status":"open","ping_status":"closed","template":"","meta":[],"product_cat":[4774,5600,5599],"product_tag":[],"yoast_head":"<!-- This site is optimized with the Yoast SEO plugin v23.0 - https:\/\/yoast.com\/wordpress\/plugins\/seo\/ -->\n<title>HALCO 80785 PAR36\/10GRN\/WFL\/LED - All Day Lighting<\/title>\n<meta name=\"robots\" content=\"index, follow, max-snippet:-1, max-image-preview:large, max-video-preview:-1\" \/>\n<link rel=\"canonical\" href=\"https:\/\/alldaylighting.com\/?product=halco-80785-par36-10grn-wfl-led\" \/>\n<meta property=\"og:locale\" content=\"en_US\" \/>\n<meta property=\"og:type\" content=\"article\" \/>\n<meta property=\"og:title\" content=\"HALCO 80785 PAR36\/10GRN\/WFL\/LED - All Day Lighting\" \/>\n<meta property=\"og:description\" content=\"Halco ProLED Energy Efficient 10 Watt Dimmable High Power PAR36 LED \u2022 Bulb PAR36\u2022 Base MP Term\u2022 IP67 Rated\u2022 Volts 10-15 \u2022 Beam Spread 32 Degree Wide Flood\u2022 Color Green\u2022 Rated Avg. Life 40,000Hrs\u00a0\u2022 MOL 2.40&#8243;\u2022 Wattage Equivalent 35\u2022 Specs Specifications:\u2022 IP67 rated for waterproof installations\u2022 Energy savings up-to 73% 2\u2022 PAR36 shape with multi-purpose [&hellip;]\" \/>\n<meta property=\"og:url\" content=\"https:\/\/alldaylighting.com\/?product=halco-80785-par36-10grn-wfl-led\" \/>\n<meta property=\"og:site_name\" content=\"All Day Lighting\" \/>\n<meta property=\"article:modified_time\" content=\"2024-06-27T23:58:08+00:00\" \/>\n<meta name=\"twitter:card\" content=\"summary_large_image\" \/>\n<meta name=\"twitter:label1\" content=\"Est. reading time\" \/>\n\t<meta name=\"twitter:data1\" content=\"1 minute\" \/>\n<script type=\"application\/ld+json\" class=\"yoast-schema-graph\">{\"@context\":\"https:\/\/schema.org\",\"@graph\":[{\"@type\":\"WebPage\",\"@id\":\"https:\/\/alldaylighting.com\/?product=halco-80785-par36-10grn-wfl-led\",\"url\":\"https:\/\/alldaylighting.com\/?product=halco-80785-par36-10grn-wfl-led\",\"name\":\"HALCO 80785 PAR36\/10GRN\/WFL\/LED - All Day Lighting\",\"isPartOf\":{\"@id\":\"https:\/\/alldaylighting.com\/#website\"},\"primaryImageOfPage\":{\"@id\":\"https:\/\/alldaylighting.com\/?product=halco-80785-par36-10grn-wfl-led#primaryimage\"},\"image\":{\"@id\":\"https:\/\/alldaylighting.com\/?product=halco-80785-par36-10grn-wfl-led#primaryimage\"},\"thumbnailUrl\":\"https:\/\/alldaylighting.com\/wp-content\/uploads\/2024\/06\/HALCO__25889.jpg\",\"datePublished\":\"2024-06-27T23:58:03+00:00\",\"dateModified\":\"2024-06-27T23:58:08+00:00\",\"breadcrumb\":{\"@id\":\"https:\/\/alldaylighting.com\/?product=halco-80785-par36-10grn-wfl-led#breadcrumb\"},\"inLanguage\":\"en-US\",\"potentialAction\":[{\"@type\":\"ReadAction\",\"target\":[\"https:\/\/alldaylighting.com\/?product=halco-80785-par36-10grn-wfl-led\"]}]},{\"@type\":\"ImageObject\",\"inLanguage\":\"en-US\",\"@id\":\"https:\/\/alldaylighting.com\/?product=halco-80785-par36-10grn-wfl-led#primaryimage\",\"url\":\"https:\/\/alldaylighting.com\/wp-content\/uploads\/2024\/06\/HALCO__25889.jpg\",\"contentUrl\":\"https:\/\/alldaylighting.com\/wp-content\/uploads\/2024\/06\/HALCO__25889.jpg\",\"width\":300,\"height\":300},{\"@type\":\"BreadcrumbList\",\"@id\":\"https:\/\/alldaylighting.com\/?product=halco-80785-par36-10grn-wfl-led#breadcrumb\",\"itemListElement\":[{\"@type\":\"ListItem\",\"position\":1,\"name\":\"Home\",\"item\":\"https:\/\/alldaylighting.com\/\"},{\"@type\":\"ListItem\",\"position\":2,\"name\":\"Shop\",\"item\":\"https:\/\/alldaylighting.com\/?page_id=75\"},{\"@type\":\"ListItem\",\"position\":3,\"name\":\"HALCO 80785 PAR36\/10GRN\/WFL\/LED\"}]},{\"@type\":\"WebSite\",\"@id\":\"https:\/\/alldaylighting.com\/#website\",\"url\":\"https:\/\/alldaylighting.com\/\",\"name\":\"All Day Lighting\",\"description\":\"ADL\",\"publisher\":{\"@id\":\"https:\/\/alldaylighting.com\/#organization\"},\"potentialAction\":[{\"@type\":\"SearchAction\",\"target\":{\"@type\":\"EntryPoint\",\"urlTemplate\":\"https:\/\/alldaylighting.com\/?s={search_term_string}\"},\"query-input\":\"required name=search_term_string\"}],\"inLanguage\":\"en-US\"},{\"@type\":\"Organization\",\"@id\":\"https:\/\/alldaylighting.com\/#organization\",\"name\":\"All Day Lighting\",\"url\":\"https:\/\/alldaylighting.com\/\",\"logo\":{\"@type\":\"ImageObject\",\"inLanguage\":\"en-US\",\"@id\":\"https:\/\/alldaylighting.com\/#\/schema\/logo\/image\/\",\"url\":\"http:\/\/alldaylighting-com.preview-domain.com\/wp-content\/uploads\/2024\/02\/lg200301.webp\",\"contentUrl\":\"http:\/\/alldaylighting-com.preview-domain.com\/wp-content\/uploads\/2024\/02\/lg200301.webp\",\"width\":250,\"height\":65,\"caption\":\"All Day Lighting\"},\"image\":{\"@id\":\"https:\/\/alldaylighting.com\/#\/schema\/logo\/image\/\"}}]}<\/script>\n<!-- \/ Yoast SEO plugin. -->","yoast_head_json":{"title":"HALCO 80785 PAR36\/10GRN\/WFL\/LED - All Day Lighting","robots":{"index":"index","follow":"follow","max-snippet":"max-snippet:-1","max-image-preview":"max-image-preview:large","max-video-preview":"max-video-preview:-1"},"canonical":"https:\/\/alldaylighting.com\/?product=halco-80785-par36-10grn-wfl-led","og_locale":"en_US","og_type":"article","og_title":"HALCO 80785 PAR36\/10GRN\/WFL\/LED - All Day Lighting","og_description":"Halco ProLED Energy Efficient 10 Watt Dimmable High Power PAR36 LED \u2022 Bulb PAR36\u2022 Base MP Term\u2022 IP67 Rated\u2022 Volts 10-15 \u2022 Beam Spread 32 Degree Wide Flood\u2022 Color Green\u2022 Rated Avg. Life 40,000Hrs\u00a0\u2022 MOL 2.40&#8243;\u2022 Wattage Equivalent 35\u2022 Specs Specifications:\u2022 IP67 rated for waterproof installations\u2022 Energy savings up-to 73% 2\u2022 PAR36 shape with multi-purpose [&hellip;]","og_url":"https:\/\/alldaylighting.com\/?product=halco-80785-par36-10grn-wfl-led","og_site_name":"All Day Lighting","article_modified_time":"2024-06-27T23:58:08+00:00","twitter_card":"summary_large_image","twitter_misc":{"Est. reading time":"1 minute"},"schema":{"@context":"https:\/\/schema.org","@graph":[{"@type":"WebPage","@id":"https:\/\/alldaylighting.com\/?product=halco-80785-par36-10grn-wfl-led","url":"https:\/\/alldaylighting.com\/?product=halco-80785-par36-10grn-wfl-led","name":"HALCO 80785 PAR36\/10GRN\/WFL\/LED - All Day Lighting","isPartOf":{"@id":"https:\/\/alldaylighting.com\/#website"},"primaryImageOfPage":{"@id":"https:\/\/alldaylighting.com\/?product=halco-80785-par36-10grn-wfl-led#primaryimage"},"image":{"@id":"https:\/\/alldaylighting.com\/?product=halco-80785-par36-10grn-wfl-led#primaryimage"},"thumbnailUrl":"https:\/\/alldaylighting.com\/wp-content\/uploads\/2024\/06\/HALCO__25889.jpg","datePublished":"2024-06-27T23:58:03+00:00","dateModified":"2024-06-27T23:58:08+00:00","breadcrumb":{"@id":"https:\/\/alldaylighting.com\/?product=halco-80785-par36-10grn-wfl-led#breadcrumb"},"inLanguage":"en-US","potentialAction":[{"@type":"ReadAction","target":["https:\/\/alldaylighting.com\/?product=halco-80785-par36-10grn-wfl-led"]}]},{"@type":"ImageObject","inLanguage":"en-US","@id":"https:\/\/alldaylighting.com\/?product=halco-80785-par36-10grn-wfl-led#primaryimage","url":"https:\/\/alldaylighting.com\/wp-content\/uploads\/2024\/06\/HALCO__25889.jpg","contentUrl":"https:\/\/alldaylighting.com\/wp-content\/uploads\/2024\/06\/HALCO__25889.jpg","width":300,"height":300},{"@type":"BreadcrumbList","@id":"https:\/\/alldaylighting.com\/?product=halco-80785-par36-10grn-wfl-led#breadcrumb","itemListElement":[{"@type":"ListItem","position":1,"name":"Home","item":"https:\/\/alldaylighting.com\/"},{"@type":"ListItem","position":2,"name":"Shop","item":"https:\/\/alldaylighting.com\/?page_id=75"},{"@type":"ListItem","position":3,"name":"HALCO 80785 PAR36\/10GRN\/WFL\/LED"}]},{"@type":"WebSite","@id":"https:\/\/alldaylighting.com\/#website","url":"https:\/\/alldaylighting.com\/","name":"All Day Lighting","description":"ADL","publisher":{"@id":"https:\/\/alldaylighting.com\/#organization"},"potentialAction":[{"@type":"SearchAction","target":{"@type":"EntryPoint","urlTemplate":"https:\/\/alldaylighting.com\/?s={search_term_string}"},"query-input":"required name=search_term_string"}],"inLanguage":"en-US"},{"@type":"Organization","@id":"https:\/\/alldaylighting.com\/#organization","name":"All Day Lighting","url":"https:\/\/alldaylighting.com\/","logo":{"@type":"ImageObject","inLanguage":"en-US","@id":"https:\/\/alldaylighting.com\/#\/schema\/logo\/image\/","url":"http:\/\/alldaylighting-com.preview-domain.com\/wp-content\/uploads\/2024\/02\/lg200301.webp","contentUrl":"http:\/\/alldaylighting-com.preview-domain.com\/wp-content\/uploads\/2024\/02\/lg200301.webp","width":250,"height":65,"caption":"All Day Lighting"},"image":{"@id":"https:\/\/alldaylighting.com\/#\/schema\/logo\/image\/"}}]}},"_links":{"self":[{"href":"https:\/\/alldaylighting.com\/index.php?rest_route=\/wp\/v2\/product\/73380"}],"collection":[{"href":"https:\/\/alldaylighting.com\/index.php?rest_route=\/wp\/v2\/product"}],"about":[{"href":"https:\/\/alldaylighting.com\/index.php?rest_route=\/wp\/v2\/types\/product"}],"replies":[{"embeddable":true,"href":"https:\/\/alldaylighting.com\/index.php?rest_route=%2Fwp%2Fv2%2Fcomments&post=73380"}],"wp:featuredmedia":[{"embeddable":true,"href":"https:\/\/alldaylighting.com\/index.php?rest_route=\/wp\/v2\/media\/58060"}],"wp:attachment":[{"href":"https:\/\/alldaylighting.com\/index.php?rest_route=%2Fwp%2Fv2%2Fmedia&parent=73380"}],"wp:term":[{"taxonomy":"product_cat","embeddable":true,"href":"https:\/\/alldaylighting.com\/index.php?rest_route=%2Fwp%2Fv2%2Fproduct_cat&post=73380"},{"taxonomy":"product_tag","embeddable":true,"href":"https:\/\/alldaylighting.com\/index.php?rest_route=%2Fwp%2Fv2%2Fproduct_tag&post=73380"}],"curies":[{"name":"wp","href":"https:\/\/api.w.org\/{rel}","templated":true}]}}