{"id":73101,"date":"2024-06-28T00:56:11","date_gmt":"2024-06-27T23:56:11","guid":{"rendered":"https:\/\/alldaylighting.com\/?post_type=product&#038;p=73101"},"modified":"2024-06-28T00:56:16","modified_gmt":"2024-06-27T23:56:16","slug":"sylvania-54270-hti-575w-d4-75-sharxs","status":"publish","type":"product","link":"https:\/\/alldaylighting.com\/?product=sylvania-54270-hti-575w-d4-75-sharxs","title":{"rendered":"Sylvania 54270 HTI  575W\/D4\/75 SHARXS"},"content":{"rendered":"<p>Sylvania HTI 575 Watt 64V Metal Halide Single Ended Clear Finish T18 Reflector Lamp Used in Entertainment, Effect, and Architectural Lighting Applications. Product Details Wattage: 575 Voltage: 64 Current: 9 Amps CRI: 80 Lumens: 43000 Base:\u00a0SFc10-4 Universal Burn Position Color Temperature: 7500k UPC Code:\u00a0008321285199 Average Rated Life: 750hrs \u00a0 Additional Details Sylvania HTI Metal Halide Lamp \u00e5\u00c4Signle-ended metal halide lamp with outerjacket \u00e5\u00c4Compact design \u00e5\u00c4Short arc \u00e5\u00c4Daylight character (4,250 K) \u00e5\u00c4High luminous efficacy \u00e5\u00c4Long service life \u00e5\u00c4Operation on electronic power supplies (ECG) \u00a0 WARNING This lamp emits a high level of UV radiation and operates at high internal pressure with high luminance. It may only be operated in enclosed lamp casings. Always use the safety boxes supplied when handling this lamp. Disposal When disposing of spent lamps, always consult federal, state, local and provincial hazardous waste disposal rules and regulations to ensure proper disposal. \u00a0<\/p>\n","protected":false},"excerpt":{"rendered":"<p>Osram Sylvania Metal Halide HTI 575W\/D4\/75 SHARXS 575W 64V Lamp<\/p>\n","protected":false},"featured_media":57909,"comment_status":"open","ping_status":"closed","template":"","meta":[],"product_cat":[5495,5641,5925,5612],"product_tag":[],"yoast_head":"<!-- This site is optimized with the Yoast SEO plugin v23.0 - https:\/\/yoast.com\/wordpress\/plugins\/seo\/ -->\n<title>Sylvania 54270 HTI 575W\/D4\/75 SHARXS - All Day Lighting<\/title>\n<meta name=\"robots\" content=\"index, follow, max-snippet:-1, max-image-preview:large, max-video-preview:-1\" \/>\n<link rel=\"canonical\" href=\"https:\/\/alldaylighting.com\/?product=sylvania-54270-hti-575w-d4-75-sharxs\" \/>\n<meta property=\"og:locale\" content=\"en_US\" \/>\n<meta property=\"og:type\" content=\"article\" \/>\n<meta property=\"og:title\" content=\"Sylvania 54270 HTI 575W\/D4\/75 SHARXS - All Day Lighting\" \/>\n<meta property=\"og:description\" content=\"Osram Sylvania Metal Halide HTI 575W\/D4\/75 SHARXS 575W 64V Lamp\" \/>\n<meta property=\"og:url\" content=\"https:\/\/alldaylighting.com\/?product=sylvania-54270-hti-575w-d4-75-sharxs\" \/>\n<meta property=\"og:site_name\" content=\"All Day Lighting\" \/>\n<meta property=\"article:modified_time\" content=\"2024-06-27T23:56:16+00:00\" \/>\n<meta name=\"twitter:card\" content=\"summary_large_image\" \/>\n<meta name=\"twitter:label1\" content=\"Est. reading time\" \/>\n\t<meta name=\"twitter:data1\" content=\"1 minute\" \/>\n<script type=\"application\/ld+json\" class=\"yoast-schema-graph\">{\"@context\":\"https:\/\/schema.org\",\"@graph\":[{\"@type\":\"WebPage\",\"@id\":\"https:\/\/alldaylighting.com\/?product=sylvania-54270-hti-575w-d4-75-sharxs\",\"url\":\"https:\/\/alldaylighting.com\/?product=sylvania-54270-hti-575w-d4-75-sharxs\",\"name\":\"Sylvania 54270 HTI 575W\/D4\/75 SHARXS - All Day Lighting\",\"isPartOf\":{\"@id\":\"https:\/\/alldaylighting.com\/#website\"},\"primaryImageOfPage\":{\"@id\":\"https:\/\/alldaylighting.com\/?product=sylvania-54270-hti-575w-d4-75-sharxs#primaryimage\"},\"image\":{\"@id\":\"https:\/\/alldaylighting.com\/?product=sylvania-54270-hti-575w-d4-75-sharxs#primaryimage\"},\"thumbnailUrl\":\"https:\/\/alldaylighting.com\/wp-content\/uploads\/2024\/06\/HMI-575W__24185.png\",\"datePublished\":\"2024-06-27T23:56:11+00:00\",\"dateModified\":\"2024-06-27T23:56:16+00:00\",\"breadcrumb\":{\"@id\":\"https:\/\/alldaylighting.com\/?product=sylvania-54270-hti-575w-d4-75-sharxs#breadcrumb\"},\"inLanguage\":\"en-US\",\"potentialAction\":[{\"@type\":\"ReadAction\",\"target\":[\"https:\/\/alldaylighting.com\/?product=sylvania-54270-hti-575w-d4-75-sharxs\"]}]},{\"@type\":\"ImageObject\",\"inLanguage\":\"en-US\",\"@id\":\"https:\/\/alldaylighting.com\/?product=sylvania-54270-hti-575w-d4-75-sharxs#primaryimage\",\"url\":\"https:\/\/alldaylighting.com\/wp-content\/uploads\/2024\/06\/HMI-575W__24185.png\",\"contentUrl\":\"https:\/\/alldaylighting.com\/wp-content\/uploads\/2024\/06\/HMI-575W__24185.png\",\"width\":1500,\"height\":1500},{\"@type\":\"BreadcrumbList\",\"@id\":\"https:\/\/alldaylighting.com\/?product=sylvania-54270-hti-575w-d4-75-sharxs#breadcrumb\",\"itemListElement\":[{\"@type\":\"ListItem\",\"position\":1,\"name\":\"Home\",\"item\":\"https:\/\/alldaylighting.com\/\"},{\"@type\":\"ListItem\",\"position\":2,\"name\":\"Shop\",\"item\":\"https:\/\/alldaylighting.com\/?page_id=75\"},{\"@type\":\"ListItem\",\"position\":3,\"name\":\"Sylvania 54270 HTI 575W\/D4\/75 SHARXS\"}]},{\"@type\":\"WebSite\",\"@id\":\"https:\/\/alldaylighting.com\/#website\",\"url\":\"https:\/\/alldaylighting.com\/\",\"name\":\"All Day Lighting\",\"description\":\"ADL\",\"publisher\":{\"@id\":\"https:\/\/alldaylighting.com\/#organization\"},\"potentialAction\":[{\"@type\":\"SearchAction\",\"target\":{\"@type\":\"EntryPoint\",\"urlTemplate\":\"https:\/\/alldaylighting.com\/?s={search_term_string}\"},\"query-input\":\"required name=search_term_string\"}],\"inLanguage\":\"en-US\"},{\"@type\":\"Organization\",\"@id\":\"https:\/\/alldaylighting.com\/#organization\",\"name\":\"All Day Lighting\",\"url\":\"https:\/\/alldaylighting.com\/\",\"logo\":{\"@type\":\"ImageObject\",\"inLanguage\":\"en-US\",\"@id\":\"https:\/\/alldaylighting.com\/#\/schema\/logo\/image\/\",\"url\":\"http:\/\/alldaylighting-com.preview-domain.com\/wp-content\/uploads\/2024\/02\/lg200301.webp\",\"contentUrl\":\"http:\/\/alldaylighting-com.preview-domain.com\/wp-content\/uploads\/2024\/02\/lg200301.webp\",\"width\":250,\"height\":65,\"caption\":\"All Day Lighting\"},\"image\":{\"@id\":\"https:\/\/alldaylighting.com\/#\/schema\/logo\/image\/\"}}]}<\/script>\n<!-- \/ Yoast SEO plugin. -->","yoast_head_json":{"title":"Sylvania 54270 HTI 575W\/D4\/75 SHARXS - All Day Lighting","robots":{"index":"index","follow":"follow","max-snippet":"max-snippet:-1","max-image-preview":"max-image-preview:large","max-video-preview":"max-video-preview:-1"},"canonical":"https:\/\/alldaylighting.com\/?product=sylvania-54270-hti-575w-d4-75-sharxs","og_locale":"en_US","og_type":"article","og_title":"Sylvania 54270 HTI 575W\/D4\/75 SHARXS - All Day Lighting","og_description":"Osram Sylvania Metal Halide HTI 575W\/D4\/75 SHARXS 575W 64V Lamp","og_url":"https:\/\/alldaylighting.com\/?product=sylvania-54270-hti-575w-d4-75-sharxs","og_site_name":"All Day Lighting","article_modified_time":"2024-06-27T23:56:16+00:00","twitter_card":"summary_large_image","twitter_misc":{"Est. reading time":"1 minute"},"schema":{"@context":"https:\/\/schema.org","@graph":[{"@type":"WebPage","@id":"https:\/\/alldaylighting.com\/?product=sylvania-54270-hti-575w-d4-75-sharxs","url":"https:\/\/alldaylighting.com\/?product=sylvania-54270-hti-575w-d4-75-sharxs","name":"Sylvania 54270 HTI 575W\/D4\/75 SHARXS - All Day Lighting","isPartOf":{"@id":"https:\/\/alldaylighting.com\/#website"},"primaryImageOfPage":{"@id":"https:\/\/alldaylighting.com\/?product=sylvania-54270-hti-575w-d4-75-sharxs#primaryimage"},"image":{"@id":"https:\/\/alldaylighting.com\/?product=sylvania-54270-hti-575w-d4-75-sharxs#primaryimage"},"thumbnailUrl":"https:\/\/alldaylighting.com\/wp-content\/uploads\/2024\/06\/HMI-575W__24185.png","datePublished":"2024-06-27T23:56:11+00:00","dateModified":"2024-06-27T23:56:16+00:00","breadcrumb":{"@id":"https:\/\/alldaylighting.com\/?product=sylvania-54270-hti-575w-d4-75-sharxs#breadcrumb"},"inLanguage":"en-US","potentialAction":[{"@type":"ReadAction","target":["https:\/\/alldaylighting.com\/?product=sylvania-54270-hti-575w-d4-75-sharxs"]}]},{"@type":"ImageObject","inLanguage":"en-US","@id":"https:\/\/alldaylighting.com\/?product=sylvania-54270-hti-575w-d4-75-sharxs#primaryimage","url":"https:\/\/alldaylighting.com\/wp-content\/uploads\/2024\/06\/HMI-575W__24185.png","contentUrl":"https:\/\/alldaylighting.com\/wp-content\/uploads\/2024\/06\/HMI-575W__24185.png","width":1500,"height":1500},{"@type":"BreadcrumbList","@id":"https:\/\/alldaylighting.com\/?product=sylvania-54270-hti-575w-d4-75-sharxs#breadcrumb","itemListElement":[{"@type":"ListItem","position":1,"name":"Home","item":"https:\/\/alldaylighting.com\/"},{"@type":"ListItem","position":2,"name":"Shop","item":"https:\/\/alldaylighting.com\/?page_id=75"},{"@type":"ListItem","position":3,"name":"Sylvania 54270 HTI 575W\/D4\/75 SHARXS"}]},{"@type":"WebSite","@id":"https:\/\/alldaylighting.com\/#website","url":"https:\/\/alldaylighting.com\/","name":"All Day Lighting","description":"ADL","publisher":{"@id":"https:\/\/alldaylighting.com\/#organization"},"potentialAction":[{"@type":"SearchAction","target":{"@type":"EntryPoint","urlTemplate":"https:\/\/alldaylighting.com\/?s={search_term_string}"},"query-input":"required name=search_term_string"}],"inLanguage":"en-US"},{"@type":"Organization","@id":"https:\/\/alldaylighting.com\/#organization","name":"All Day Lighting","url":"https:\/\/alldaylighting.com\/","logo":{"@type":"ImageObject","inLanguage":"en-US","@id":"https:\/\/alldaylighting.com\/#\/schema\/logo\/image\/","url":"http:\/\/alldaylighting-com.preview-domain.com\/wp-content\/uploads\/2024\/02\/lg200301.webp","contentUrl":"http:\/\/alldaylighting-com.preview-domain.com\/wp-content\/uploads\/2024\/02\/lg200301.webp","width":250,"height":65,"caption":"All Day Lighting"},"image":{"@id":"https:\/\/alldaylighting.com\/#\/schema\/logo\/image\/"}}]}},"_links":{"self":[{"href":"https:\/\/alldaylighting.com\/index.php?rest_route=\/wp\/v2\/product\/73101"}],"collection":[{"href":"https:\/\/alldaylighting.com\/index.php?rest_route=\/wp\/v2\/product"}],"about":[{"href":"https:\/\/alldaylighting.com\/index.php?rest_route=\/wp\/v2\/types\/product"}],"replies":[{"embeddable":true,"href":"https:\/\/alldaylighting.com\/index.php?rest_route=%2Fwp%2Fv2%2Fcomments&post=73101"}],"wp:featuredmedia":[{"embeddable":true,"href":"https:\/\/alldaylighting.com\/index.php?rest_route=\/wp\/v2\/media\/57909"}],"wp:attachment":[{"href":"https:\/\/alldaylighting.com\/index.php?rest_route=%2Fwp%2Fv2%2Fmedia&parent=73101"}],"wp:term":[{"taxonomy":"product_cat","embeddable":true,"href":"https:\/\/alldaylighting.com\/index.php?rest_route=%2Fwp%2Fv2%2Fproduct_cat&post=73101"},{"taxonomy":"product_tag","embeddable":true,"href":"https:\/\/alldaylighting.com\/index.php?rest_route=%2Fwp%2Fv2%2Fproduct_tag&post=73101"}],"curies":[{"name":"wp","href":"https:\/\/api.w.org\/{rel}","templated":true}]}}